{"id":745,"date":"2021-03-12T08:05:41","date_gmt":"2021-03-12T08:05:41","guid":{"rendered":"https:\/\/lanotebleue.mc\/?page_id=745"},"modified":"2025-12-10T08:08:09","modified_gmt":"2025-12-10T08:08:09","slug":"la-plage","status":"publish","type":"page","link":"https:\/\/lanotebleue.mc\/en\/la-plage\/","title":{"rendered":"LA PLAGE"},"content":{"rendered":"<div data-elementor-type=\"wp-page\" data-elementor-id=\"745\" class=\"elementor elementor-745\" data-elementor-post-type=\"page\">\n\t\t\t\t\t\t<section class=\"elementor-section elementor-top-section elementor-element elementor-element-37f6b42d elementor-section-height-min-height elementor-section-boxed elementor-section-height-default elementor-section-items-middle\" data-id=\"37f6b42d\" data-element_type=\"section\" data-e-type=\"section\" data-settings=\"{&quot;background_background&quot;:&quot;classic&quot;}\">\n\t\t\t\t\t\t<div class=\"elementor-container elementor-column-gap-default\">\n\t\t\t\t\t<div class=\"elementor-column elementor-col-100 elementor-top-column elementor-element elementor-element-33840104\" data-id=\"33840104\" data-element_type=\"column\" data-e-type=\"column\">\n\t\t\t<div class=\"elementor-widget-wrap elementor-element-populated\">\n\t\t\t\t\t\t<section class=\"elementor-section elementor-inner-section elementor-element elementor-element-34a1951 elementor-section-boxed elementor-section-height-default elementor-section-height-default\" data-id=\"34a1951\" data-element_type=\"section\" data-e-type=\"section\" data-settings=\"{&quot;background_background&quot;:&quot;classic&quot;}\">\n\t\t\t\t\t\t<div class=\"elementor-container elementor-column-gap-default\">\n\t\t\t\t\t<div class=\"elementor-column elementor-col-100 elementor-inner-column elementor-element elementor-element-bc5d7af\" data-id=\"bc5d7af\" data-element_type=\"column\" data-e-type=\"column\">\n\t\t\t<div class=\"elementor-widget-wrap elementor-element-populated\">\n\t\t\t\t\t\t<div class=\"elementor-element elementor-element-64fcd9e elementor-align-center elementor-widget elementor-widget-button\" data-id=\"64fcd9e\" data-element_type=\"widget\" data-e-type=\"widget\" data-widget_type=\"button.default\">\n\t\t\t\t<div class=\"elementor-widget-container\">\n\t\t\t\t\t\t\t\t\t<div class=\"elementor-button-wrapper\">\n\t\t\t\t\t<a class=\"elementor-button elementor-button-link elementor-size-sm\" href=\"https:\/\/bookings.zenchef.com\/results?rid=376668&#038;pid=1001\" target=\"_blank\" rel=\"nofollow\">\n\t\t\t\t\t\t<span class=\"elementor-button-content-wrapper\">\n\t\t\t\t\t\t\t\t\t<span class=\"elementor-button-text\">Book a sunbed<\/span>\n\t\t\t\t\t<\/span>\n\t\t\t\t\t<\/a>\n\t\t\t\t<\/div>\n\t\t\t\t\t\t\t\t<\/div>\n\t\t\t\t<\/div>\n\t\t\t\t\t<\/div>\n\t\t<\/div>\n\t\t\t\t\t<\/div>\n\t\t<\/section>\n\t\t\t\t\t<\/div>\n\t\t<\/div>\n\t\t\t\t\t<\/div>\n\t\t<\/section>\n\t\t\t\t<section class=\"elementor-section elementor-top-section elementor-element elementor-element-226aaef elementor-section-boxed elementor-section-height-default elementor-section-height-default\" data-id=\"226aaef\" data-element_type=\"section\" data-e-type=\"section\" data-settings=\"{&quot;background_background&quot;:&quot;classic&quot;}\">\n\t\t\t\t\t\t\t<div class=\"elementor-background-overlay\"><\/div>\n\t\t\t\t\t\t\t<div class=\"elementor-container elementor-column-gap-no\">\n\t\t\t\t\t<div class=\"elementor-column elementor-col-100 elementor-top-column elementor-element elementor-element-103f8be4\" data-id=\"103f8be4\" data-element_type=\"column\" data-e-type=\"column\">\n\t\t\t<div class=\"elementor-widget-wrap elementor-element-populated\">\n\t\t\t\t\t\t<div class=\"elementor-element elementor-element-6238d9e5 elementor-invisible elementor-widget elementor-widget-heading\" data-id=\"6238d9e5\" data-element_type=\"widget\" data-e-type=\"widget\" data-settings=\"{&quot;_animation&quot;:&quot;fadeIn&quot;}\" data-widget_type=\"heading.default\">\n\t\t\t\t<div class=\"elementor-widget-container\">\n\t\t\t\t\t<h2 class=\"elementor-heading-title elementor-size-default\">the beach<\/h2>\t\t\t\t<\/div>\n\t\t\t\t<\/div>\n\t\t\t\t<div class=\"elementor-element elementor-element-70cb02fc elementor-widget-divider--view-line elementor-widget elementor-widget-divider\" data-id=\"70cb02fc\" data-element_type=\"widget\" data-e-type=\"widget\" data-widget_type=\"divider.default\">\n\t\t\t\t<div class=\"elementor-widget-container\">\n\t\t\t\t\t\t\t<div class=\"elementor-divider\">\n\t\t\t<span class=\"elementor-divider-separator\">\n\t\t\t\t\t\t<\/span>\n\t\t<\/div>\n\t\t\t\t\t\t<\/div>\n\t\t\t\t<\/div>\n\t\t\t\t<div class=\"elementor-element elementor-element-3b828201 elementor-invisible elementor-widget elementor-widget-text-editor\" data-id=\"3b828201\" data-element_type=\"widget\" data-e-type=\"widget\" data-settings=\"{&quot;_animation&quot;:&quot;fadeIn&quot;}\" data-widget_type=\"text-editor.default\">\n\t\t\t\t<div class=\"elementor-widget-container\">\n\t\t\t\t\t\t\t\t\t<p>La Note Bleue welcomes you on its private beach during the summer period. Booking in advance is highly recommended!<\/p>\t\t\t\t\t\t\t\t<\/div>\n\t\t\t\t<\/div>\n\t\t\t\t<div class=\"elementor-element elementor-element-e172387 elementor-invisible elementor-widget elementor-widget-text-editor\" data-id=\"e172387\" data-element_type=\"widget\" data-e-type=\"widget\" data-settings=\"{&quot;_animation&quot;:&quot;fadeInUp&quot;}\" data-widget_type=\"text-editor.default\">\n\t\t\t\t<div class=\"elementor-widget-container\">\n\t\t\t\t\t\t\t\t\tour rates\t\t\t\t\t\t\t\t<\/div>\n\t\t\t\t<\/div>\n\t\t\t\t<div class=\"elementor-element elementor-element-3e309d5 elementor-invisible elementor-widget elementor-widget-text-editor\" data-id=\"3e309d5\" data-element_type=\"widget\" data-e-type=\"widget\" data-settings=\"{&quot;_animation&quot;:&quot;fadeIn&quot;}\" data-widget_type=\"text-editor.default\">\n\t\t\t\t<div class=\"elementor-widget-container\">\n\t\t\t\t\t\t\t\t\t<div>First row<\/div>\t\t\t\t\t\t\t\t<\/div>\n\t\t\t\t<\/div>\n\t\t\t\t<div class=\"elementor-element elementor-element-6f67bd8 elementor-invisible elementor-widget elementor-widget-text-editor\" data-id=\"6f67bd8\" data-element_type=\"widget\" data-e-type=\"widget\" data-settings=\"{&quot;_animation&quot;:&quot;fadeIn&quot;}\" data-widget_type=\"text-editor.default\">\n\t\t\t\t<div class=\"elementor-widget-container\">\n\t\t\t\t\t\t\t\t\t<p>50 \u20ac a day<\/p>\t\t\t\t\t\t\t\t<\/div>\n\t\t\t\t<\/div>\n\t\t\t\t<div class=\"elementor-element elementor-element-70bd0ca elementor-invisible elementor-widget elementor-widget-text-editor\" data-id=\"70bd0ca\" data-element_type=\"widget\" data-e-type=\"widget\" data-settings=\"{&quot;_animation&quot;:&quot;fadeIn&quot;}\" data-widget_type=\"text-editor.default\">\n\t\t\t\t<div class=\"elementor-widget-container\">\n\t\t\t\t\t\t\t\t\t<div>Second row<\/div>\t\t\t\t\t\t\t\t<\/div>\n\t\t\t\t<\/div>\n\t\t\t\t<div class=\"elementor-element elementor-element-7525819 elementor-invisible elementor-widget elementor-widget-text-editor\" data-id=\"7525819\" data-element_type=\"widget\" data-e-type=\"widget\" data-settings=\"{&quot;_animation&quot;:&quot;fadeIn&quot;}\" data-widget_type=\"text-editor.default\">\n\t\t\t\t<div class=\"elementor-widget-container\">\n\t\t\t\t\t\t\t\t\t<p>40 \u20ac a day<\/p>\t\t\t\t\t\t\t\t<\/div>\n\t\t\t\t<\/div>\n\t\t\t\t<div class=\"elementor-element elementor-element-ba426b9 elementor-invisible elementor-widget elementor-widget-text-editor\" data-id=\"ba426b9\" data-element_type=\"widget\" data-e-type=\"widget\" data-settings=\"{&quot;_animation&quot;:&quot;fadeIn&quot;}\" data-widget_type=\"text-editor.default\">\n\t\t\t\t<div class=\"elementor-widget-container\">\n\t\t\t\t\t\t\t\t\t<div>Other row<\/div>\t\t\t\t\t\t\t\t<\/div>\n\t\t\t\t<\/div>\n\t\t\t\t<div class=\"elementor-element elementor-element-d1fd249 elementor-invisible elementor-widget elementor-widget-text-editor\" data-id=\"d1fd249\" data-element_type=\"widget\" data-e-type=\"widget\" data-settings=\"{&quot;_animation&quot;:&quot;fadeIn&quot;}\" data-widget_type=\"text-editor.default\">\n\t\t\t\t<div class=\"elementor-widget-container\">\n\t\t\t\t\t\t\t\t\t<p>35 \u20ac a day<\/p>\t\t\t\t\t\t\t\t<\/div>\n\t\t\t\t<\/div>\n\t\t\t\t<div class=\"elementor-element elementor-element-e3aa3b4 elementor-invisible elementor-widget elementor-widget-text-editor\" data-id=\"e3aa3b4\" data-element_type=\"widget\" data-e-type=\"widget\" data-settings=\"{&quot;_animation&quot;:&quot;fadeIn&quot;}\" data-widget_type=\"text-editor.default\">\n\t\t\t\t<div class=\"elementor-widget-container\">\n\t\t\t\t\t\t\t\t\t<div>Towel rental:<\/div>\t\t\t\t\t\t\t\t<\/div>\n\t\t\t\t<\/div>\n\t\t\t\t<div class=\"elementor-element elementor-element-5c53844 elementor-invisible elementor-widget elementor-widget-text-editor\" data-id=\"5c53844\" data-element_type=\"widget\" data-e-type=\"widget\" data-settings=\"{&quot;_animation&quot;:&quot;fadeIn&quot;}\" data-widget_type=\"text-editor.default\">\n\t\t\t\t<div class=\"elementor-widget-container\">\n\t\t\t\t\t\t\t\t\t<p>10 \u20ac a day<\/p>\t\t\t\t\t\t\t\t<\/div>\n\t\t\t\t<\/div>\n\t\t\t\t\t<\/div>\n\t\t<\/div>\n\t\t\t\t\t<\/div>\n\t\t<\/section>\n\t\t\t\t<section class=\"elementor-section elementor-top-section elementor-element elementor-element-74af70f1 elementor-section-full_width elementor-section-height-default elementor-section-height-default\" data-id=\"74af70f1\" data-element_type=\"section\" data-e-type=\"section\" data-settings=\"{&quot;background_background&quot;:&quot;classic&quot;}\">\n\t\t\t\t\t\t<div class=\"elementor-container elementor-column-gap-default\">\n\t\t\t\t\t<div class=\"elementor-column elementor-col-100 elementor-top-column elementor-element elementor-element-3b3b0c9d\" data-id=\"3b3b0c9d\" data-element_type=\"column\" data-e-type=\"column\">\n\t\t\t<div class=\"elementor-widget-wrap elementor-element-populated\">\n\t\t\t\t\t\t<div class=\"elementor-element elementor-element-7bf5b8fd elementor-widget elementor-widget-spacer\" data-id=\"7bf5b8fd\" data-element_type=\"widget\" data-e-type=\"widget\" data-widget_type=\"spacer.default\">\n\t\t\t\t<div class=\"elementor-widget-container\">\n\t\t\t\t\t\t\t<div class=\"elementor-spacer\">\n\t\t\t<div class=\"elementor-spacer-inner\"><\/div>\n\t\t<\/div>\n\t\t\t\t\t\t<\/div>\n\t\t\t\t<\/div>\n\t\t\t\t\t<\/div>\n\t\t<\/div>\n\t\t\t\t\t<\/div>\n\t\t<\/section>\n\t\t\t\t<section class=\"elementor-section elementor-top-section elementor-element elementor-element-3fb9d2b elementor-section-boxed elementor-section-height-default elementor-section-height-default\" data-id=\"3fb9d2b\" data-element_type=\"section\" data-e-type=\"section\" data-settings=\"{&quot;background_background&quot;:&quot;classic&quot;}\">\n\t\t\t\t\t\t\t<div class=\"elementor-background-overlay\"><\/div>\n\t\t\t\t\t\t\t<div class=\"elementor-container elementor-column-gap-no\">\n\t\t\t\t\t<div class=\"elementor-column elementor-col-100 elementor-top-column elementor-element elementor-element-7488e9b\" data-id=\"7488e9b\" data-element_type=\"column\" data-e-type=\"column\">\n\t\t\t<div class=\"elementor-widget-wrap elementor-element-populated\">\n\t\t\t\t\t\t<div class=\"elementor-element elementor-element-c8f7330 elementor-widget elementor-widget-toggle\" data-id=\"c8f7330\" data-element_type=\"widget\" data-e-type=\"widget\" data-widget_type=\"toggle.default\">\n\t\t\t\t<div class=\"elementor-widget-container\">\n\t\t\t\t\t\t\t<div class=\"elementor-toggle\">\n\t\t\t\t\t\t\t<div class=\"elementor-toggle-item\">\n\t\t\t\t\t<div id=\"elementor-tab-title-2101\" class=\"elementor-tab-title\" data-tab=\"1\" role=\"button\" aria-controls=\"elementor-tab-content-2101\" aria-expanded=\"false\">\n\t\t\t\t\t\t\t\t\t\t\t\t<a class=\"elementor-toggle-title\" tabindex=\"0\">En savoir +<\/a>\n\t\t\t\t\t<\/div>\n\n\t\t\t\t\t<div id=\"elementor-tab-content-2101\" class=\"elementor-tab-content elementor-clearfix\" data-tab=\"1\" role=\"region\" aria-labelledby=\"elementor-tab-title-2101\"><h2>Sur quelle plage priv\u00e9e \u00e0 Monaco se rendre ?<\/h2>\nLa plus belle plage priv\u00e9e \u00e0 Monaco est sans doute La Note Bleue, sur la plage du Larvotto, situ\u00e9e face \u00e0 l&rsquo;avenue Princesse Grace et \u00e0 proximit\u00e9 du casino de Monte-Carlo. Des transats, matelas, tables, parasols et serviettes sont lou\u00e9s \u00e0 la journ\u00e9e pour permettre \u00e0 tous de se baigner et de profiter des joies de la mer m\u00e9diterran\u00e9e. Offrez-vous une vue sur la mer panoramique et laissez-vous bercer par le bruit des vagues arrivant doucement sur le sable fin. Tr\u00e8s conviviale, cette petite plage est toute indiqu\u00e9e pour les couples, comme pour les familles.\n<h2>Le meilleur restaurant de bord de plage \u00e0 Monaco<\/h2>\nPrenez le temps de d\u00e9guster un repas savoureux dans notre restaurant de bord de plage \u00e0 Monaco. Commencez par exemple par un cocktail fruit\u00e9 et l&rsquo;un de nos plats \u00e0 partager, puis mangez, les pieds dans l&rsquo;eau, des fruits de mer et poissons, d\u00e9lices de notre r\u00e9gion. Notre restaurant avec terrasse et vue mer re\u00e7oit dans une ambiance d\u00e9contract\u00e9e et chaleureuse, du petit-d\u00e9jeuner au d\u00eener et tous les jours de la semaine. Sous l&rsquo;impulsion de notre chef Laurent Paya, nous vous conseillons sur les mets, les accompagnements et les vins. Notre brigade est \u00e0 votre service 7 jours sur 7.\n<h2>Comment aller jusqu&rsquo;\u00e0 notre restaurant de bord de mer de Monaco ?<\/h2>\nNotre restaurant de bord de mer \u00e0 Monaco se trouve au c\u0153ur de la principaut\u00e9 et pr\u00e8s d&rsquo;une des principales art\u00e8res de la ville. Si son nom est La Note Bleue, c&rsquo;est pour rendre hommage \u00e0 un grand monsieur du jazz : Barney Willen mais aussi pour donner le ton puisque des concerts de musique live et des sets DJ sont donn\u00e9s r\u00e9guli\u00e8rement. R\u00e9servez d\u00e8s maintenant votre table dans votre restaurant \u00e0 c\u00f4t\u00e9 de la plage priv\u00e9e du Larvotto pour ne rien regretter de votre s\u00e9jour \u00e0 Monaco. Cocktails avec et sans alcool, jus et sodas, boissons d\u00e9tox, bi\u00e8res, ap\u00e9ritifs et digestifs&#8230; vous attendent aussi en journ\u00e9e.<\/div>\n\t\t\t\t<\/div>\n\t\t\t\t\t\t\t\t<\/div>\n\t\t\t\t\t\t<\/div>\n\t\t\t\t<\/div>\n\t\t\t\t\t<\/div>\n\t\t<\/div>\n\t\t\t\t\t<\/div>\n\t\t<\/section>\n\t\t\t\t<\/div>","protected":false},"excerpt":{"rendered":"<p>R\u00e9server un transat la plage La Note Bleue vous accueille sur sa plage priv\u00e9e pour profiter pleinement des beaux jours de soleil. R\u00e9servations hautement recommand\u00e9es ! nos tarifsPremi\u00e8re ligne : La journ\u00e9e 50 \u20ac Deuxi\u00e8me ligne La journ\u00e9e 40 \u20ac Autre ligne La journ\u00e9e 35 \u20ac Location de serviette : La journ\u00e9e 10\u20ac En savoir [&hellip;]<\/p>\n","protected":false},"author":1,"featured_media":0,"parent":0,"menu_order":0,"comment_status":"closed","ping_status":"closed","template":"","meta":{"site-sidebar-layout":"no-sidebar","site-content-layout":"page-builder","ast-site-content-layout":"full-width-container","site-content-style":"unboxed","site-sidebar-style":"unboxed","ast-global-header-display":"","ast-banner-title-visibility":"","ast-main-header-display":"","ast-hfb-above-header-display":"","ast-hfb-below-header-display":"","ast-hfb-mobile-header-display":"","site-post-title":"disabled","ast-breadcrumbs-content":"disabled","ast-featured-img":"disabled","footer-sml-layout":"","theme-transparent-header-meta":"enabled","adv-header-id-meta":"","stick-header-meta":"default","header-above-stick-meta":"","header-main-stick-meta":"","header-below-stick-meta":"","astra-migrate-meta-layouts":"set","ast-page-background-enabled":"default","ast-page-background-meta":{"desktop":{"background-color":"","background-image":"","background-repeat":"repeat","background-position":"center center","background-size":"auto","background-attachment":"scroll","background-type":"","background-media":"","overlay-type":"","overlay-color":"","overlay-opacity":"","overlay-gradient":""},"tablet":{"background-color":"","background-image":"","background-repeat":"repeat","background-position":"center center","background-size":"auto","background-attachment":"scroll","background-type":"","background-media":"","overlay-type":"","overlay-color":"","overlay-opacity":"","overlay-gradient":""},"mobile":{"background-color":"","background-image":"","background-repeat":"repeat","background-position":"center center","background-size":"auto","background-attachment":"scroll","background-type":"","background-media":"","overlay-type":"","overlay-color":"","overlay-opacity":"","overlay-gradient":""}},"ast-content-background-meta":{"desktop":{"background-color":"var(--ast-global-color-5)","background-image":"","background-repeat":"repeat","background-position":"center center","background-size":"auto","background-attachment":"scroll","background-type":"","background-media":"","overlay-type":"","overlay-color":"","overlay-opacity":"","overlay-gradient":""},"tablet":{"background-color":"var(--ast-global-color-5)","background-image":"","background-repeat":"repeat","background-position":"center center","background-size":"auto","background-attachment":"scroll","background-type":"","background-media":"","overlay-type":"","overlay-color":"","overlay-opacity":"","overlay-gradient":""},"mobile":{"background-color":"var(--ast-global-color-5)","background-image":"","background-repeat":"repeat","background-position":"center center","background-size":"auto","background-attachment":"scroll","background-type":"","background-media":"","overlay-type":"","overlay-color":"","overlay-opacity":"","overlay-gradient":""}},"footnotes":""},"class_list":["post-745","page","type-page","status-publish","hentry"],"yoast_head":"<!-- This site is optimized with the Yoast SEO plugin v27.3 - https:\/\/yoast.com\/product\/yoast-seo-wordpress\/ -->\n<title>Plage priv\u00e9e Monaco - La note bleue<\/title>\n<meta name=\"description\" content=\"La Note Bleue vous accueille sur sa plage priv\u00e9e \u00e0 Monaco pour profiter pleinement des beaux jours de soleil. Plage ouverte tous les jours de 8h30 \u00e0 19h.\" \/>\n<meta name=\"robots\" content=\"index, follow, max-snippet:-1, max-image-preview:large, max-video-preview:-1\" \/>\n<link rel=\"canonical\" href=\"https:\/\/lanotebleue.mc\/en\/la-plage\/\" \/>\n<meta property=\"og:locale\" content=\"en_GB\" \/>\n<meta property=\"og:type\" content=\"article\" \/>\n<meta property=\"og:title\" content=\"Plage priv\u00e9e Monaco - La note bleue\" \/>\n<meta property=\"og:description\" content=\"La Note Bleue vous accueille sur sa plage priv\u00e9e \u00e0 Monaco pour profiter pleinement des beaux jours de soleil. Plage ouverte tous les jours de 8h30 \u00e0 19h.\" \/>\n<meta property=\"og:url\" content=\"https:\/\/lanotebleue.mc\/en\/la-plage\/\" \/>\n<meta property=\"og:site_name\" content=\"La note bleue\" \/>\n<meta property=\"article:modified_time\" content=\"2025-12-10T08:08:09+00:00\" \/>\n<meta name=\"twitter:card\" content=\"summary_large_image\" \/>\n<meta name=\"twitter:label1\" content=\"Estimated reading time\" \/>\n\t<meta name=\"twitter:data1\" content=\"2 minutes\" \/>\n<script type=\"application\/ld+json\" class=\"yoast-schema-graph\">{\"@context\":\"https:\\\/\\\/schema.org\",\"@graph\":[{\"@type\":\"WebPage\",\"@id\":\"https:\\\/\\\/lanotebleue.mc\\\/la-plage\\\/\",\"url\":\"https:\\\/\\\/lanotebleue.mc\\\/la-plage\\\/\",\"name\":\"Plage priv\u00e9e Monaco - La note bleue\",\"isPartOf\":{\"@id\":\"https:\\\/\\\/lanotebleue.mc\\\/#website\"},\"datePublished\":\"2021-03-12T08:05:41+00:00\",\"dateModified\":\"2025-12-10T08:08:09+00:00\",\"description\":\"La Note Bleue vous accueille sur sa plage priv\u00e9e \u00e0 Monaco pour profiter pleinement des beaux jours de soleil. Plage ouverte tous les jours de 8h30 \u00e0 19h.\",\"breadcrumb\":{\"@id\":\"https:\\\/\\\/lanotebleue.mc\\\/la-plage\\\/#breadcrumb\"},\"inLanguage\":\"en-GB\",\"potentialAction\":[{\"@type\":\"ReadAction\",\"target\":[\"https:\\\/\\\/lanotebleue.mc\\\/la-plage\\\/\"]}]},{\"@type\":\"BreadcrumbList\",\"@id\":\"https:\\\/\\\/lanotebleue.mc\\\/la-plage\\\/#breadcrumb\",\"itemListElement\":[{\"@type\":\"ListItem\",\"position\":1,\"name\":\"Accueil\",\"item\":\"https:\\\/\\\/lanotebleue.mc\\\/\"},{\"@type\":\"ListItem\",\"position\":2,\"name\":\"LA PLAGE\"}]},{\"@type\":\"WebSite\",\"@id\":\"https:\\\/\\\/lanotebleue.mc\\\/#website\",\"url\":\"https:\\\/\\\/lanotebleue.mc\\\/\",\"name\":\"La note bleue\",\"description\":\"\",\"publisher\":{\"@id\":\"https:\\\/\\\/lanotebleue.mc\\\/#organization\"},\"potentialAction\":[{\"@type\":\"SearchAction\",\"target\":{\"@type\":\"EntryPoint\",\"urlTemplate\":\"https:\\\/\\\/lanotebleue.mc\\\/?s={search_term_string}\"},\"query-input\":{\"@type\":\"PropertyValueSpecification\",\"valueRequired\":true,\"valueName\":\"search_term_string\"}}],\"inLanguage\":\"en-GB\"},{\"@type\":\"Organization\",\"@id\":\"https:\\\/\\\/lanotebleue.mc\\\/#organization\",\"name\":\"La note bleue\",\"url\":\"https:\\\/\\\/lanotebleue.mc\\\/\",\"logo\":{\"@type\":\"ImageObject\",\"inLanguage\":\"en-GB\",\"@id\":\"https:\\\/\\\/lanotebleue.mc\\\/#\\\/schema\\\/logo\\\/image\\\/\",\"url\":\"https:\\\/\\\/lanotebleue.mc\\\/wp-content\\\/uploads\\\/2021\\\/11\\\/cropped-logo-LNB.png\",\"contentUrl\":\"https:\\\/\\\/lanotebleue.mc\\\/wp-content\\\/uploads\\\/2021\\\/11\\\/cropped-logo-LNB.png\",\"width\":798,\"height\":70,\"caption\":\"La note bleue\"},\"image\":{\"@id\":\"https:\\\/\\\/lanotebleue.mc\\\/#\\\/schema\\\/logo\\\/image\\\/\"}}]}<\/script>\n<!-- \/ Yoast SEO plugin. -->","yoast_head_json":{"title":"Plage priv\u00e9e Monaco - La note bleue","description":"La Note Bleue vous accueille sur sa plage priv\u00e9e \u00e0 Monaco pour profiter pleinement des beaux jours de soleil. Plage ouverte tous les jours de 8h30 \u00e0 19h.","robots":{"index":"index","follow":"follow","max-snippet":"max-snippet:-1","max-image-preview":"max-image-preview:large","max-video-preview":"max-video-preview:-1"},"canonical":"https:\/\/lanotebleue.mc\/en\/la-plage\/","og_locale":"en_GB","og_type":"article","og_title":"Plage priv\u00e9e Monaco - La note bleue","og_description":"La Note Bleue vous accueille sur sa plage priv\u00e9e \u00e0 Monaco pour profiter pleinement des beaux jours de soleil. Plage ouverte tous les jours de 8h30 \u00e0 19h.","og_url":"https:\/\/lanotebleue.mc\/en\/la-plage\/","og_site_name":"La note bleue","article_modified_time":"2025-12-10T08:08:09+00:00","twitter_card":"summary_large_image","twitter_misc":{"Estimated reading time":"2 minutes"},"schema":{"@context":"https:\/\/schema.org","@graph":[{"@type":"WebPage","@id":"https:\/\/lanotebleue.mc\/la-plage\/","url":"https:\/\/lanotebleue.mc\/la-plage\/","name":"Plage priv\u00e9e Monaco - La note bleue","isPartOf":{"@id":"https:\/\/lanotebleue.mc\/#website"},"datePublished":"2021-03-12T08:05:41+00:00","dateModified":"2025-12-10T08:08:09+00:00","description":"La Note Bleue vous accueille sur sa plage priv\u00e9e \u00e0 Monaco pour profiter pleinement des beaux jours de soleil. Plage ouverte tous les jours de 8h30 \u00e0 19h.","breadcrumb":{"@id":"https:\/\/lanotebleue.mc\/la-plage\/#breadcrumb"},"inLanguage":"en-GB","potentialAction":[{"@type":"ReadAction","target":["https:\/\/lanotebleue.mc\/la-plage\/"]}]},{"@type":"BreadcrumbList","@id":"https:\/\/lanotebleue.mc\/la-plage\/#breadcrumb","itemListElement":[{"@type":"ListItem","position":1,"name":"Accueil","item":"https:\/\/lanotebleue.mc\/"},{"@type":"ListItem","position":2,"name":"LA PLAGE"}]},{"@type":"WebSite","@id":"https:\/\/lanotebleue.mc\/#website","url":"https:\/\/lanotebleue.mc\/","name":"La note bleue","description":"","publisher":{"@id":"https:\/\/lanotebleue.mc\/#organization"},"potentialAction":[{"@type":"SearchAction","target":{"@type":"EntryPoint","urlTemplate":"https:\/\/lanotebleue.mc\/?s={search_term_string}"},"query-input":{"@type":"PropertyValueSpecification","valueRequired":true,"valueName":"search_term_string"}}],"inLanguage":"en-GB"},{"@type":"Organization","@id":"https:\/\/lanotebleue.mc\/#organization","name":"La note bleue","url":"https:\/\/lanotebleue.mc\/","logo":{"@type":"ImageObject","inLanguage":"en-GB","@id":"https:\/\/lanotebleue.mc\/#\/schema\/logo\/image\/","url":"https:\/\/lanotebleue.mc\/wp-content\/uploads\/2021\/11\/cropped-logo-LNB.png","contentUrl":"https:\/\/lanotebleue.mc\/wp-content\/uploads\/2021\/11\/cropped-logo-LNB.png","width":798,"height":70,"caption":"La note bleue"},"image":{"@id":"https:\/\/lanotebleue.mc\/#\/schema\/logo\/image\/"}}]}},"_links":{"self":[{"href":"https:\/\/lanotebleue.mc\/en\/wp-json\/wp\/v2\/pages\/745","targetHints":{"allow":["GET"]}}],"collection":[{"href":"https:\/\/lanotebleue.mc\/en\/wp-json\/wp\/v2\/pages"}],"about":[{"href":"https:\/\/lanotebleue.mc\/en\/wp-json\/wp\/v2\/types\/page"}],"author":[{"embeddable":true,"href":"https:\/\/lanotebleue.mc\/en\/wp-json\/wp\/v2\/users\/1"}],"replies":[{"embeddable":true,"href":"https:\/\/lanotebleue.mc\/en\/wp-json\/wp\/v2\/comments?post=745"}],"version-history":[{"count":29,"href":"https:\/\/lanotebleue.mc\/en\/wp-json\/wp\/v2\/pages\/745\/revisions"}],"predecessor-version":[{"id":5111,"href":"https:\/\/lanotebleue.mc\/en\/wp-json\/wp\/v2\/pages\/745\/revisions\/5111"}],"wp:attachment":[{"href":"https:\/\/lanotebleue.mc\/en\/wp-json\/wp\/v2\/media?parent=745"}],"curies":[{"name":"wp","href":"https:\/\/api.w.org\/{rel}","templated":true}]}}